{"id":420,"date":"2021-04-14T08:49:16","date_gmt":"2021-04-14T06:49:16","guid":{"rendered":"https:\/\/poplawy.sh.org.pl\/?page_id=420"},"modified":"2021-04-23T08:19:58","modified_gmt":"2021-04-23T06:19:58","slug":"o-nas","status":"publish","type":"page","link":"https:\/\/poplawy.sh.org.pl\/","title":{"rendered":"O nas"},"content":{"rendered":"\n<p>Baza Biwakowa Pop\u0142awy po\u0142o\u017cona jest w 130-letnim sosnowym lesie na skraju Puszczy Bia\u0142ej, dwa kilometry od centrum Pu\u0142tuska, opodal Narwi.<\/p>\n\n\n\n<p>To idealne miejsce na organizacj\u0119 harcerskiego biwaku czy zielonej szko\u0142y. Teren Bazy to 3-hektarowy pi\u0119kny las, w kt\u00f3rym mo\u017cna rozbi\u0107 namioty. W\u0142a\u015bcicielem jest <a href=\"http:\/\/www.sh.org.pl\" target=\"_blank\" rel=\"noreferrer noopener\">Stowarzyszenie Harcerskie<\/a>, dlatego zgodnie z harcerskimi zasadami Baza jest miejscem wolnym od alkoholu i papieros\u00f3w.<\/p>\n\n\n\n<p>Zapraszamy!<\/p>\n","protected":false},"excerpt":{"rendered":"<p>Baza Biwakowa Pop\u0142awy po\u0142o\u017cona jest w 130-letnim sosnowym lesie na skraju Puszczy Bia\u0142ej, dwa kilometry od centrum Pu\u0142tuska, opodal Narwi. To idealne miejsce na organizacj\u0119 harcerskiego biwaku czy zielonej szko\u0142y. Teren Bazy to 3-hektarowy pi\u0119kny las, w kt\u00f3rym mo\u017cna rozbi\u0107 namioty. W\u0142a\u015bcicielem jest Stowarzyszenie Harcerskie, dlatego zgodnie z harcerskimi zasadami &hellip;<\/p>\n","protected":false},"author":3,"featured_media":0,"parent":0,"menu_order":0,"comment_status":"closed","ping_status":"closed","template":"","meta":{"footnotes":""},"class_list":["post-420","page","type-page","status-publish","hentry"],"_links":{"self":[{"href":"https:\/\/poplawy.sh.org.pl\/index.php\/wp-json\/wp\/v2\/pages\/420","targetHints":{"allow":["GET"]}}],"collection":[{"href":"https:\/\/poplawy.sh.org.pl\/index.php\/wp-json\/wp\/v2\/pages"}],"about":[{"href":"https:\/\/poplawy.sh.org.pl\/index.php\/wp-json\/wp\/v2\/types\/page"}],"author":[{"embeddable":true,"href":"https:\/\/poplawy.sh.org.pl\/index.php\/wp-json\/wp\/v2\/users\/3"}],"replies":[{"embeddable":true,"href":"https:\/\/poplawy.sh.org.pl\/index.php\/wp-json\/wp\/v2\/comments?post=420"}],"version-history":[{"count":6,"href":"https:\/\/poplawy.sh.org.pl\/index.php\/wp-json\/wp\/v2\/pages\/420\/revisions"}],"predecessor-version":[{"id":600,"href":"https:\/\/poplawy.sh.org.pl\/index.php\/wp-json\/wp\/v2\/pages\/420\/revisions\/600"}],"wp:attachment":[{"href":"https:\/\/poplawy.sh.org.pl\/index.php\/wp-json\/wp\/v2\/media?parent=420"}],"curies":[{"name":"wp","href":"https:\/\/api.w.org\/{rel}","templated":true}]}}