{"id":427,"date":"2021-04-14T08:51:32","date_gmt":"2021-04-14T06:51:32","guid":{"rendered":"https:\/\/poplawy.sh.org.pl\/?page_id=427"},"modified":"2021-04-15T19:22:41","modified_gmt":"2021-04-15T17:22:41","slug":"oferta","status":"publish","type":"page","link":"https:\/\/poplawy.sh.org.pl\/index.php\/oferta\/","title":{"rendered":"Oferta"},"content":{"rendered":"\n<p>Nasza Baza to idealne miejsce na organizacj\u0119 biwaku czy obozu. Na terenie znajdziecie:<\/p>\n\n\n\n<p>Dwa <strong>domki turystyczne<\/strong>. W ka\u017cdym mo\u017ce nocowa\u0107 10 os\u00f3b<\/p>\n\n\n\n<p><strong>Str\u00f3\u017c\u00f3wk\u0119<\/strong>. Murowany budynek dla 2-4 os\u00f3b. Idealny na kadr\u00f3wk\u0119<\/p>\n\n\n\n<p><strong>Sanitariaty<\/strong>. Gdzie mo\u017cna si\u0119 umy\u0107 i nie tylko (ciep\u0142a woda gwarantowana)<\/p>\n\n\n\n<p>100-letni\u0105 <strong>chat\u0119 kurpiowsk\u0105<\/strong>, w kt\u00f3rej przez ca\u0142y rok mo\u017ce mieszka\u0107 20 os\u00f3b. W chacie jest w pe\u0142ni wyposa\u017cona kuchnia oraz \u0142azienka<\/p>\n\n\n\n<p>Na ca\u0142ym terenie mo\u017cecie rozstawia\u0107 <strong>namioty<\/strong><\/p>\n\n\n\n<p><\/p>\n\n\n\n<p>Pomo\u017cemy przy organizacji oboz\u00f3w i biwak\u00f3w. Podpowiemy dok\u0105d i\u015b\u0107 na wycieczk\u0119, gdzie zorganizowa\u0107 gr\u0119 terenow\u0105, gdzie robi\u0107 zakupy, gdzie zam\u00f3wi\u0107 posi\u0142ki z dowozem. Sp\u0142yw kajakowy, zwiedzanie Pu\u0142tuska, <a rel=\"noreferrer noopener\" href=\"https:\/\/pl-pl.facebook.com\/kuzniakurpiowska\/\" data-type=\"URL\" data-id=\"https:\/\/pl-pl.facebook.com\/kuzniakurpiowska\/\" target=\"_blank\">Ku\u017ania Kurpiowska<\/a> w Pniewie &#8211; nie ma problemu! Wiedzieli\u015bcie, \u017ce to w tych okolicach by\u0142 najwi\u0119kszy zaobserwowany deszcz meteoryt\u00f3w w historii? Kiedy? W 1868 roku.<\/p>\n\n\n\n<div class=\"wp-block-image\"><figure class=\"aligncenter size-large\"><img loading=\"lazy\" decoding=\"async\" width=\"1024\" height=\"800\" src=\"https:\/\/poplawy.sh.org.pl\/wp-content\/uploads\/2021\/04\/plan_bazy-1024x800.jpg\" alt=\"\" class=\"wp-image-541\" srcset=\"https:\/\/poplawy.sh.org.pl\/wp-content\/uploads\/2021\/04\/plan_bazy-1024x800.jpg 1024w, https:\/\/poplawy.sh.org.pl\/wp-content\/uploads\/2021\/04\/plan_bazy-300x234.jpg 300w, https:\/\/poplawy.sh.org.pl\/wp-content\/uploads\/2021\/04\/plan_bazy-768x600.jpg 768w, https:\/\/poplawy.sh.org.pl\/wp-content\/uploads\/2021\/04\/plan_bazy-1536x1200.jpg 1536w, https:\/\/poplawy.sh.org.pl\/wp-content\/uploads\/2021\/04\/plan_bazy-384x300.jpg 384w, https:\/\/poplawy.sh.org.pl\/wp-content\/uploads\/2021\/04\/plan_bazy.jpg 2000w\" sizes=\"auto, (max-width: 1024px) 100vw, 1024px\" \/><\/figure><\/div>\n","protected":false},"excerpt":{"rendered":"<p>Nasza Baza to idealne miejsce na organizacj\u0119 biwaku czy obozu. Na terenie znajdziecie: Dwa domki turystyczne. W ka\u017cdym mo\u017ce nocowa\u0107 10 os\u00f3b Str\u00f3\u017c\u00f3wk\u0119. Murowany budynek dla 2-4 os\u00f3b. Idealny na kadr\u00f3wk\u0119 Sanitariaty. Gdzie mo\u017cna si\u0119 umy\u0107 i nie tylko (ciep\u0142a woda gwarantowana) 100-letni\u0105 chat\u0119 kurpiowsk\u0105, w kt\u00f3rej przez ca\u0142y rok &hellip;<\/p>\n","protected":false},"author":3,"featured_media":0,"parent":0,"menu_order":0,"comment_status":"closed","ping_status":"closed","template":"","meta":{"footnotes":""},"class_list":["post-427","page","type-page","status-publish","hentry"],"_links":{"self":[{"href":"https:\/\/poplawy.sh.org.pl\/index.php\/wp-json\/wp\/v2\/pages\/427","targetHints":{"allow":["GET"]}}],"collection":[{"href":"https:\/\/poplawy.sh.org.pl\/index.php\/wp-json\/wp\/v2\/pages"}],"about":[{"href":"https:\/\/poplawy.sh.org.pl\/index.php\/wp-json\/wp\/v2\/types\/page"}],"author":[{"embeddable":true,"href":"https:\/\/poplawy.sh.org.pl\/index.php\/wp-json\/wp\/v2\/users\/3"}],"replies":[{"embeddable":true,"href":"https:\/\/poplawy.sh.org.pl\/index.php\/wp-json\/wp\/v2\/comments?post=427"}],"version-history":[{"count":14,"href":"https:\/\/poplawy.sh.org.pl\/index.php\/wp-json\/wp\/v2\/pages\/427\/revisions"}],"predecessor-version":[{"id":548,"href":"https:\/\/poplawy.sh.org.pl\/index.php\/wp-json\/wp\/v2\/pages\/427\/revisions\/548"}],"wp:attachment":[{"href":"https:\/\/poplawy.sh.org.pl\/index.php\/wp-json\/wp\/v2\/media?parent=427"}],"curies":[{"name":"wp","href":"https:\/\/api.w.org\/{rel}","templated":true}]}}