{"id":516,"date":"2021-04-15T16:35:00","date_gmt":"2021-04-15T14:35:00","guid":{"rendered":"https:\/\/poplawy.sh.org.pl\/?page_id=516"},"modified":"2022-09-05T13:59:25","modified_gmt":"2022-09-05T11:59:25","slug":"wydawnictwa","status":"publish","type":"page","link":"https:\/\/poplawy.sh.org.pl\/index.php\/wydawnictwa\/","title":{"rendered":"Wydawnictwa"},"content":{"rendered":"\n<div class=\"wp-block-file\"><a id=\"wp-block-file--media-97bf29a1-8839-469f-96e3-fc1012a66d01\" href=\"https:\/\/poplawy.sh.org.pl\/wp-content\/uploads\/2021\/04\/2007_przewodnik_rowerowy_puszcza_biala_pultusk_i_okolice.pdf\" target=\"_blank\" rel=\"noreferrer noopener\">Przewodnik rowerowy. Puszcza Bia\u0142a. Pu\u0142tusk i okolice<\/a><a href=\"https:\/\/poplawy.sh.org.pl\/wp-content\/uploads\/2021\/04\/2007_przewodnik_rowerowy_puszcza_biala_pultusk_i_okolice.pdf\" class=\"wp-block-file__button\" download aria-describedby=\"wp-block-file--media-97bf29a1-8839-469f-96e3-fc1012a66d01\">Pobierz<\/a><\/div>\n\n\n\n<figure class=\"wp-block-image is-resized\"><img decoding=\"async\" src=\"https:\/\/poplawy.sh.org.pl\/wp-content\/uploads\/2021\/04\/okladka.jpg\" alt=\"\" class=\"wp-image-531\" width=\"300\" srcset=\"https:\/\/poplawy.sh.org.pl\/wp-content\/uploads\/2021\/04\/okladka.jpg 341w, https:\/\/poplawy.sh.org.pl\/wp-content\/uploads\/2021\/04\/okladka-219x300.jpg 219w\" sizes=\"(max-width: 341px) 100vw, 341px\" \/><\/figure>\n\n\n\n<div class=\"wp-block-file\"><a id=\"wp-block-file--media-e8803ab9-2c06-43aa-b721-3a77ffc9378a\" href=\"https:\/\/poplawy.sh.org.pl\/wp-content\/uploads\/2021\/04\/plan_pultuska_pl.pdf\" target=\"_blank\" rel=\"noreferrer noopener\">Plan Pu\u0142tuska<\/a><a href=\"https:\/\/poplawy.sh.org.pl\/wp-content\/uploads\/2021\/04\/plan_pultuska_pl.pdf\" class=\"wp-block-file__button\" download aria-describedby=\"wp-block-file--media-e8803ab9-2c06-43aa-b721-3a77ffc9378a\">Pobierz<\/a><\/div>\n\n\n\n<figure class=\"wp-block-image size-large is-resized\"><img loading=\"lazy\" decoding=\"async\" src=\"https:\/\/poplawy.sh.org.pl\/wp-content\/uploads\/2021\/04\/plan_pultuska_pl.gif\" alt=\"Plan Pu\u0142uska\" class=\"wp-image-519\" width=\"300\" height=\"473\"\/><\/figure>\n\n\n\n<div class=\"wp-block-file\"><a id=\"wp-block-file--media-61d9ac79-922c-4314-9fad-af6b1f594ca3\" href=\"https:\/\/poplawy.sh.org.pl\/wp-content\/uploads\/2021\/04\/publikacja_front.jpg\" target=\"_blank\" rel=\"noreferrer noopener\">Projekt szlaku rowerowego Pu\u0142tusk &#8211; Wyszk\u00f3w<\/a><a href=\"https:\/\/poplawy.sh.org.pl\/wp-content\/uploads\/2021\/04\/publikacja_front.jpg\" class=\"wp-block-file__button\" download aria-describedby=\"wp-block-file--media-61d9ac79-922c-4314-9fad-af6b1f594ca3\">Pobierz<\/a><\/div>\n\n\n\n<figure class=\"wp-block-image size-large is-resized\"><img decoding=\"async\" src=\"https:\/\/poplawy.sh.org.pl\/wp-content\/uploads\/2021\/04\/publikacja_front-1024x723.jpg\" alt=\"Projekt szlaku rowerowego Pu\u0142usk - Wyszk\u00f3w\" class=\"wp-image-521\" width=\"300\" srcset=\"https:\/\/poplawy.sh.org.pl\/wp-content\/uploads\/2021\/04\/publikacja_front-1024x723.jpg 1024w, https:\/\/poplawy.sh.org.pl\/wp-content\/uploads\/2021\/04\/publikacja_front-300x212.jpg 300w, https:\/\/poplawy.sh.org.pl\/wp-content\/uploads\/2021\/04\/publikacja_front-768x543.jpg 768w, https:\/\/poplawy.sh.org.pl\/wp-content\/uploads\/2021\/04\/publikacja_front-1536x1085.jpg 1536w, https:\/\/poplawy.sh.org.pl\/wp-content\/uploads\/2021\/04\/publikacja_front-425x300.jpg 425w, https:\/\/poplawy.sh.org.pl\/wp-content\/uploads\/2021\/04\/publikacja_front.jpg 2000w\" sizes=\"(max-width: 1024px) 100vw, 1024px\" \/><\/figure>\n\n\n\n<div class=\"wp-block-file\"><a id=\"wp-block-file--media-482bde3f-4116-4e74-abf2-0fba9f73b0fc\" href=\"https:\/\/poplawy.sh.org.pl\/wp-content\/uploads\/2022\/09\/2022-gra-Pultusk-wielokulturowosc.pdf\"><a rel=\"noreferrer noopener\" href=\"https:\/\/sh.org.pl\/wp-content\/uploads\/2022\/06\/2022-gra-Pultusk-wielokulturowosc.pdf\" target=\"_blank\">Gra dla zuch\u00f3w (i nie tylko!) o Pu\u0142tusku i wielokulturowo\u015bci<\/a><\/a><a href=\"https:\/\/poplawy.sh.org.pl\/wp-content\/uploads\/2022\/09\/2022-gra-Pultusk-wielokulturowosc.pdf\" class=\"wp-block-file__button\" download aria-describedby=\"wp-block-file--media-482bde3f-4116-4e74-abf2-0fba9f73b0fc\">Pobierz<\/a><\/div>\n\n\n\n<figure class=\"wp-block-image size-large is-resized\"><img decoding=\"async\" src=\"https:\/\/poplawy.sh.org.pl\/wp-content\/uploads\/2022\/09\/2022-gra-Pultusk-wielokulturowosc_Page_1-724x1024.jpg\" alt=\"\" class=\"wp-image-692\" width=\"300\" srcset=\"https:\/\/poplawy.sh.org.pl\/wp-content\/uploads\/2022\/09\/2022-gra-Pultusk-wielokulturowosc_Page_1-724x1024.jpg 724w, https:\/\/poplawy.sh.org.pl\/wp-content\/uploads\/2022\/09\/2022-gra-Pultusk-wielokulturowosc_Page_1-212x300.jpg 212w, https:\/\/poplawy.sh.org.pl\/wp-content\/uploads\/2022\/09\/2022-gra-Pultusk-wielokulturowosc_Page_1-768x1086.jpg 768w, https:\/\/poplawy.sh.org.pl\/wp-content\/uploads\/2022\/09\/2022-gra-Pultusk-wielokulturowosc_Page_1-1086x1536.jpg 1086w, https:\/\/poplawy.sh.org.pl\/wp-content\/uploads\/2022\/09\/2022-gra-Pultusk-wielokulturowosc_Page_1-1448x2048.jpg 1448w, https:\/\/poplawy.sh.org.pl\/wp-content\/uploads\/2022\/09\/2022-gra-Pultusk-wielokulturowosc_Page_1-scaled.jpg 1811w\" sizes=\"(max-width: 724px) 100vw, 724px\" \/><\/figure>\n","protected":false},"excerpt":{"rendered":"","protected":false},"author":3,"featured_media":0,"parent":0,"menu_order":0,"comment_status":"closed","ping_status":"closed","template":"","meta":{"footnotes":""},"class_list":["post-516","page","type-page","status-publish","hentry"],"_links":{"self":[{"href":"https:\/\/poplawy.sh.org.pl\/index.php\/wp-json\/wp\/v2\/pages\/516","targetHints":{"allow":["GET"]}}],"collection":[{"href":"https:\/\/poplawy.sh.org.pl\/index.php\/wp-json\/wp\/v2\/pages"}],"about":[{"href":"https:\/\/poplawy.sh.org.pl\/index.php\/wp-json\/wp\/v2\/types\/page"}],"author":[{"embeddable":true,"href":"https:\/\/poplawy.sh.org.pl\/index.php\/wp-json\/wp\/v2\/users\/3"}],"replies":[{"embeddable":true,"href":"https:\/\/poplawy.sh.org.pl\/index.php\/wp-json\/wp\/v2\/comments?post=516"}],"version-history":[{"count":11,"href":"https:\/\/poplawy.sh.org.pl\/index.php\/wp-json\/wp\/v2\/pages\/516\/revisions"}],"predecessor-version":[{"id":694,"href":"https:\/\/poplawy.sh.org.pl\/index.php\/wp-json\/wp\/v2\/pages\/516\/revisions\/694"}],"wp:attachment":[{"href":"https:\/\/poplawy.sh.org.pl\/index.php\/wp-json\/wp\/v2\/media?parent=516"}],"curies":[{"name":"wp","href":"https:\/\/api.w.org\/{rel}","templated":true}]}}