{"id":549,"date":"2021-04-19T21:22:24","date_gmt":"2021-04-19T19:22:24","guid":{"rendered":"https:\/\/poplawy.sh.org.pl\/?page_id=549"},"modified":"2021-04-23T08:00:06","modified_gmt":"2021-04-23T06:00:06","slug":"domki","status":"publish","type":"page","link":"https:\/\/poplawy.sh.org.pl\/index.php\/domki\/","title":{"rendered":"Domki"},"content":{"rendered":"\n<p>Nazywamy je Mamonexami &#8211; to d\u0142uga historia. Domki s\u0105 dwa. Ka\u017cdy o powierzchni oko\u0142o 50 metr\u00f3w kwadratowych. Dwie sypialnie, du\u017ce pomieszczenie na \u015bwietlic\u0119, schowek i aneks kuchenny. Do tego ganek. Mo\u017ce tu nocowa\u0107 10 os\u00f3b na kanadyjkach.<\/p>\n\n\n\n<figure class=\"wp-block-image size-large is-resized is-style-default\"><img loading=\"lazy\" decoding=\"async\" src=\"https:\/\/poplawy.sh.org.pl\/wp-content\/uploads\/2021\/04\/mamonex_1-1024x576.jpg\" alt=\"\" class=\"wp-image-589\" width=\"1024\" height=\"576\" srcset=\"https:\/\/poplawy.sh.org.pl\/wp-content\/uploads\/2021\/04\/mamonex_1-1024x576.jpg 1024w, https:\/\/poplawy.sh.org.pl\/wp-content\/uploads\/2021\/04\/mamonex_1-300x169.jpg 300w, https:\/\/poplawy.sh.org.pl\/wp-content\/uploads\/2021\/04\/mamonex_1-768x432.jpg 768w, https:\/\/poplawy.sh.org.pl\/wp-content\/uploads\/2021\/04\/mamonex_1-1536x864.jpg 1536w, https:\/\/poplawy.sh.org.pl\/wp-content\/uploads\/2021\/04\/mamonex_1-533x300.jpg 533w, https:\/\/poplawy.sh.org.pl\/wp-content\/uploads\/2021\/04\/mamonex_1.jpg 2000w\" sizes=\"auto, (max-width: 1024px) 100vw, 1024px\" \/><\/figure>\n\n\n\n<figure class=\"wp-block-image size-large is-style-default\"><img loading=\"lazy\" decoding=\"async\" width=\"1024\" height=\"576\" src=\"https:\/\/poplawy.sh.org.pl\/wp-content\/uploads\/2021\/04\/mamonex_2-1-1024x576.jpg\" alt=\"\" class=\"wp-image-591\" srcset=\"https:\/\/poplawy.sh.org.pl\/wp-content\/uploads\/2021\/04\/mamonex_2-1-1024x576.jpg 1024w, https:\/\/poplawy.sh.org.pl\/wp-content\/uploads\/2021\/04\/mamonex_2-1-300x169.jpg 300w, https:\/\/poplawy.sh.org.pl\/wp-content\/uploads\/2021\/04\/mamonex_2-1-768x432.jpg 768w, https:\/\/poplawy.sh.org.pl\/wp-content\/uploads\/2021\/04\/mamonex_2-1-1536x864.jpg 1536w, https:\/\/poplawy.sh.org.pl\/wp-content\/uploads\/2021\/04\/mamonex_2-1-533x300.jpg 533w, https:\/\/poplawy.sh.org.pl\/wp-content\/uploads\/2021\/04\/mamonex_2-1.jpg 2000w\" sizes=\"auto, (max-width: 1024px) 100vw, 1024px\" \/><\/figure>\n\n\n\n<div class=\"wp-block-image\"><figure class=\"aligncenter size-large\"><img loading=\"lazy\" decoding=\"async\" width=\"772\" height=\"622\" src=\"https:\/\/poplawy.sh.org.pl\/wp-content\/uploads\/2021\/04\/plan_mamonex-1.png\" alt=\"\" class=\"wp-image-580\" srcset=\"https:\/\/poplawy.sh.org.pl\/wp-content\/uploads\/2021\/04\/plan_mamonex-1.png 772w, https:\/\/poplawy.sh.org.pl\/wp-content\/uploads\/2021\/04\/plan_mamonex-1-300x242.png 300w, https:\/\/poplawy.sh.org.pl\/wp-content\/uploads\/2021\/04\/plan_mamonex-1-768x619.png 768w, https:\/\/poplawy.sh.org.pl\/wp-content\/uploads\/2021\/04\/plan_mamonex-1-372x300.png 372w\" sizes=\"auto, (max-width: 772px) 100vw, 772px\" \/><\/figure><\/div>\n","protected":false},"excerpt":{"rendered":"<p>Nazywamy je Mamonexami &#8211; to d\u0142uga historia. Domki s\u0105 dwa. Ka\u017cdy o powierzchni oko\u0142o 50 metr\u00f3w kwadratowych. Dwie sypialnie, du\u017ce pomieszczenie na \u015bwietlic\u0119, schowek i aneks kuchenny. Do tego ganek. Mo\u017ce tu nocowa\u0107 10 os\u00f3b na kanadyjkach.<\/p>\n","protected":false},"author":3,"featured_media":0,"parent":0,"menu_order":0,"comment_status":"closed","ping_status":"closed","template":"","meta":{"footnotes":""},"class_list":["post-549","page","type-page","status-publish","hentry"],"_links":{"self":[{"href":"https:\/\/poplawy.sh.org.pl\/index.php\/wp-json\/wp\/v2\/pages\/549","targetHints":{"allow":["GET"]}}],"collection":[{"href":"https:\/\/poplawy.sh.org.pl\/index.php\/wp-json\/wp\/v2\/pages"}],"about":[{"href":"https:\/\/poplawy.sh.org.pl\/index.php\/wp-json\/wp\/v2\/types\/page"}],"author":[{"embeddable":true,"href":"https:\/\/poplawy.sh.org.pl\/index.php\/wp-json\/wp\/v2\/users\/3"}],"replies":[{"embeddable":true,"href":"https:\/\/poplawy.sh.org.pl\/index.php\/wp-json\/wp\/v2\/comments?post=549"}],"version-history":[{"count":12,"href":"https:\/\/poplawy.sh.org.pl\/index.php\/wp-json\/wp\/v2\/pages\/549\/revisions"}],"predecessor-version":[{"id":594,"href":"https:\/\/poplawy.sh.org.pl\/index.php\/wp-json\/wp\/v2\/pages\/549\/revisions\/594"}],"wp:attachment":[{"href":"https:\/\/poplawy.sh.org.pl\/index.php\/wp-json\/wp\/v2\/media?parent=549"}],"curies":[{"name":"wp","href":"https:\/\/api.w.org\/{rel}","templated":true}]}}