{"id":554,"date":"2021-04-19T21:27:30","date_gmt":"2021-04-19T19:27:30","guid":{"rendered":"https:\/\/poplawy.sh.org.pl\/?page_id=554"},"modified":"2021-04-21T20:42:46","modified_gmt":"2021-04-21T18:42:46","slug":"sanitariaty","status":"publish","type":"page","link":"https:\/\/poplawy.sh.org.pl\/index.php\/sanitariaty\/","title":{"rendered":"Sanitariaty"},"content":{"rendered":"\n<p>Murowany budynek. Podzielony na dwie cz\u0119\u015bci. W ka\u017cdej prysznice i osobno umywalnie z toaletami.<\/p>\n\n\n\n<div class=\"wp-block-image\"><figure class=\"aligncenter size-large is-resized\"><img loading=\"lazy\" decoding=\"async\" src=\"https:\/\/poplawy.sh.org.pl\/wp-content\/uploads\/2021\/04\/plan_sanitariaty-1-1024x997.png\" alt=\"\" class=\"wp-image-582\" width=\"776\" height=\"755\" srcset=\"https:\/\/poplawy.sh.org.pl\/wp-content\/uploads\/2021\/04\/plan_sanitariaty-1-1024x997.png 1024w, https:\/\/poplawy.sh.org.pl\/wp-content\/uploads\/2021\/04\/plan_sanitariaty-1-300x292.png 300w, https:\/\/poplawy.sh.org.pl\/wp-content\/uploads\/2021\/04\/plan_sanitariaty-1-768x748.png 768w, https:\/\/poplawy.sh.org.pl\/wp-content\/uploads\/2021\/04\/plan_sanitariaty-1-308x300.png 308w, https:\/\/poplawy.sh.org.pl\/wp-content\/uploads\/2021\/04\/plan_sanitariaty-1.png 1466w\" sizes=\"auto, (max-width: 776px) 100vw, 776px\" \/><\/figure><\/div>\n","protected":false},"excerpt":{"rendered":"<p>Murowany budynek. Podzielony na dwie cz\u0119\u015bci. W ka\u017cdej prysznice i osobno umywalnie z toaletami.<\/p>\n","protected":false},"author":3,"featured_media":0,"parent":0,"menu_order":0,"comment_status":"closed","ping_status":"closed","template":"","meta":{"footnotes":""},"class_list":["post-554","page","type-page","status-publish","hentry"],"_links":{"self":[{"href":"https:\/\/poplawy.sh.org.pl\/index.php\/wp-json\/wp\/v2\/pages\/554","targetHints":{"allow":["GET"]}}],"collection":[{"href":"https:\/\/poplawy.sh.org.pl\/index.php\/wp-json\/wp\/v2\/pages"}],"about":[{"href":"https:\/\/poplawy.sh.org.pl\/index.php\/wp-json\/wp\/v2\/types\/page"}],"author":[{"embeddable":true,"href":"https:\/\/poplawy.sh.org.pl\/index.php\/wp-json\/wp\/v2\/users\/3"}],"replies":[{"embeddable":true,"href":"https:\/\/poplawy.sh.org.pl\/index.php\/wp-json\/wp\/v2\/comments?post=554"}],"version-history":[{"count":2,"href":"https:\/\/poplawy.sh.org.pl\/index.php\/wp-json\/wp\/v2\/pages\/554\/revisions"}],"predecessor-version":[{"id":583,"href":"https:\/\/poplawy.sh.org.pl\/index.php\/wp-json\/wp\/v2\/pages\/554\/revisions\/583"}],"wp:attachment":[{"href":"https:\/\/poplawy.sh.org.pl\/index.php\/wp-json\/wp\/v2\/media?parent=554"}],"curies":[{"name":"wp","href":"https:\/\/api.w.org\/{rel}","templated":true}]}}