{"id":609,"date":"2021-05-01T17:55:45","date_gmt":"2021-05-01T15:55:45","guid":{"rendered":"https:\/\/poplawy.sh.org.pl\/?page_id=609"},"modified":"2021-05-24T12:32:34","modified_gmt":"2021-05-24T10:32:34","slug":"na-szlaku","status":"publish","type":"page","link":"https:\/\/poplawy.sh.org.pl\/index.php\/na-szlaku\/","title":{"rendered":"Na szlaku"},"content":{"rendered":"\n<figure class=\"wp-block-image size-large is-style-default\"><img loading=\"lazy\" decoding=\"async\" width=\"1024\" height=\"576\" src=\"https:\/\/poplawy.sh.org.pl\/wp-content\/uploads\/2021\/05\/bagno_02-1024x576.jpg\" alt=\"\" class=\"wp-image-605\" srcset=\"https:\/\/poplawy.sh.org.pl\/wp-content\/uploads\/2021\/05\/bagno_02-1024x576.jpg 1024w, https:\/\/poplawy.sh.org.pl\/wp-content\/uploads\/2021\/05\/bagno_02-300x169.jpg 300w, https:\/\/poplawy.sh.org.pl\/wp-content\/uploads\/2021\/05\/bagno_02-768x432.jpg 768w, https:\/\/poplawy.sh.org.pl\/wp-content\/uploads\/2021\/05\/bagno_02-1536x864.jpg 1536w, https:\/\/poplawy.sh.org.pl\/wp-content\/uploads\/2021\/05\/bagno_02-533x300.jpg 533w, https:\/\/poplawy.sh.org.pl\/wp-content\/uploads\/2021\/05\/bagno_02.jpg 2000w\" sizes=\"auto, (max-width: 1024px) 100vw, 1024px\" \/><\/figure>\n\n\n\n<p>Sprawd\u017acie gdzie p\u00f3j\u015b\u0107, pojecha\u0107, pop\u0142yn\u0105\u0107 i kt\u00f3r\u0119dy tam dotrze\u0107 (artyku\u0142 aktualizowany)<\/p>\n","protected":false},"excerpt":{"rendered":"<p>Sprawd\u017acie gdzie p\u00f3j\u015b\u0107, pojecha\u0107, pop\u0142yn\u0105\u0107 i kt\u00f3r\u0119dy tam dotrze\u0107 (artyku\u0142 aktualizowany)<\/p>\n","protected":false},"author":3,"featured_media":0,"parent":0,"menu_order":0,"comment_status":"closed","ping_status":"closed","template":"","meta":{"footnotes":""},"class_list":["post-609","page","type-page","status-publish","hentry"],"_links":{"self":[{"href":"https:\/\/poplawy.sh.org.pl\/index.php\/wp-json\/wp\/v2\/pages\/609","targetHints":{"allow":["GET"]}}],"collection":[{"href":"https:\/\/poplawy.sh.org.pl\/index.php\/wp-json\/wp\/v2\/pages"}],"about":[{"href":"https:\/\/poplawy.sh.org.pl\/index.php\/wp-json\/wp\/v2\/types\/page"}],"author":[{"embeddable":true,"href":"https:\/\/poplawy.sh.org.pl\/index.php\/wp-json\/wp\/v2\/users\/3"}],"replies":[{"embeddable":true,"href":"https:\/\/poplawy.sh.org.pl\/index.php\/wp-json\/wp\/v2\/comments?post=609"}],"version-history":[{"count":16,"href":"https:\/\/poplawy.sh.org.pl\/index.php\/wp-json\/wp\/v2\/pages\/609\/revisions"}],"predecessor-version":[{"id":663,"href":"https:\/\/poplawy.sh.org.pl\/index.php\/wp-json\/wp\/v2\/pages\/609\/revisions\/663"}],"wp:attachment":[{"href":"https:\/\/poplawy.sh.org.pl\/index.php\/wp-json\/wp\/v2\/media?parent=609"}],"curies":[{"name":"wp","href":"https:\/\/api.w.org\/{rel}","templated":true}]}}