{"id":703,"date":"2022-09-08T10:44:02","date_gmt":"2022-09-08T08:44:02","guid":{"rendered":"https:\/\/poplawy.sh.org.pl\/?page_id=703"},"modified":"2022-09-08T10:44:02","modified_gmt":"2022-09-08T08:44:02","slug":"maly-szlak-kurpiowski","status":"publish","type":"page","link":"https:\/\/poplawy.sh.org.pl\/index.php\/maly-szlak-kurpiowski\/","title":{"rendered":"Ma\u0142y Szlak Kurpiowski"},"content":{"rendered":"\n<figure class=\"wp-block-image size-large\"><img loading=\"lazy\" decoding=\"async\" width=\"1024\" height=\"375\" src=\"https:\/\/poplawy.sh.org.pl\/wp-content\/uploads\/2022\/09\/DSC_7348_pniewo-1024x375.jpg\" alt=\"\" class=\"wp-image-706\" srcset=\"https:\/\/poplawy.sh.org.pl\/wp-content\/uploads\/2022\/09\/DSC_7348_pniewo-1024x375.jpg 1024w, https:\/\/poplawy.sh.org.pl\/wp-content\/uploads\/2022\/09\/DSC_7348_pniewo-300x110.jpg 300w, https:\/\/poplawy.sh.org.pl\/wp-content\/uploads\/2022\/09\/DSC_7348_pniewo-768x281.jpg 768w, https:\/\/poplawy.sh.org.pl\/wp-content\/uploads\/2022\/09\/DSC_7348_pniewo-1536x562.jpg 1536w, https:\/\/poplawy.sh.org.pl\/wp-content\/uploads\/2022\/09\/DSC_7348_pniewo-2048x750.jpg 2048w, https:\/\/poplawy.sh.org.pl\/wp-content\/uploads\/2022\/09\/DSC_7348_pniewo-820x300.jpg 820w\" sizes=\"auto, (max-width: 1024px) 100vw, 1024px\" \/><\/figure>\n\n\n\n<p>Pu\u0142tusk \u2013 Rezerwat Pop\u0142awy \u2013 Bartodzieje \u2013 Rezerwat Wielgolas \u2013 Pniewo \u2013 Lutobrok \u2013 P\u0142usy \u2013 Sadykierz \u2013 Obryte \u2013 Psary \u2013 Pu\u0142tusk<\/p>\n\n\n\n<p><strong>D\u0142ugo\u015b\u0107 \u2013 37 km<\/strong><\/p>\n\n\n\n<p><em>Podobnie jak Wielki Kurpiowski i ten szlak pozwala pozna\u0107 ostanie zachowane obiekty kurpiowskiej zabudowy, a tak\u017ce charakterystyczne dla regionu krajobrazy<\/em><\/p>\n\n\n\n<p><strong>Warto zobaczy\u0107:<\/strong><\/p>\n\n\n\n<p><em>Jedne z ostatnich cha\u0142up z charakterystycznymi dla Kurpi\u00f3w Bia\u0142ych zdobieniami w Obrytem i Sadykierzu, ko\u015bci\u00f3\u0142 w Sadykierzu, Ku\u017ani\u0119 Kurpiowsk\u0105 i ko\u015bci\u00f3\u0142 z malowanymi motywami kurpiowskimi w Pniewie, drewniany wiatrak ko\u0142o Topolnicy, stare sosny w Rezerwacie Wielgolas<\/em><\/p>\n\n\n\n<p><strong>Trasa:<\/strong><\/p>\n\n\n\n<p>Wyruszamy z pu\u0142tuskiego rynku w kierunku rzeki. Przeprowadzamy rower przez k\u0142adk\u0119 dla pieszych. Jedziemy prosto ulic\u0105 Gajkowicza, przeje\u017cd\u017camy obok sklepu spo\u017cywczego, przecinamy ulic\u0119 Tartaczn\u0105 i dalej prosto ulic\u0105 Bartodziejsk\u0105 docieramy do lasu. Mijamy Nadle\u015bnictwo Pu\u0142tusk. Warto wej\u015b\u0107 na jego teren i obejrze\u0107 tablice informacyjne na temat fauny i flory Puszczy Bia\u0142ej. Ca\u0142y czas po lewej stronie mamy las. Kiedy zacznie si\u0119 on tak\u017ce po prawej, skr\u0119camy w prawo w w\u0105sk\u0105 dr\u00f3\u017ck\u0119. Dos\u0142ownie po paru metrach dr\u00f3\u017cka rozwidla si\u0119 \u2013 my, maj\u0105c na uwadze zasad\u0119 prawdziwych podr\u00f3\u017cnik\u00f3w, aby z dw\u00f3ch dr\u00f3g wybiera\u0107 zawsze mniej ucz\u0119szczan\u0105, odbijamy w prawo. Po kilkuset metrach docieramy do Rezerwatu Pop\u0142awy. Jest to rezerwat le\u015bny, chroni\u0105cy na kilku hektarach fragment typowego boru sosnowego, z dobrze wykszta\u0142conym i charakterystycznym runem.<\/p>\n\n\n\n<p>Dalsza trasa wiedzie wzd\u0142u\u017c granicy rezerwatu. Po kilkudziesi\u0119ciu metrach skr\u0119camy w lewo (przy tym skr\u0119cie te\u017c jest tablica informuj\u0105ca o rezerwacie) i jedziemy prosto. Le\u015bny dukt doprowadzi nas do szerszej, prostopad\u0142ej drogi. Skr\u0119camy w ni\u0105 w lewo i wkr\u00f3tce docieramy zn\u00f3w do prostopad\u0142ej, szerokiej le\u015bnej drogi. To trakt bartodziejski, z kt\u00f3rego skr\u0119cili\u015bmy, by obejrze\u0107 Rezerwat Pop\u0142awy.<\/p>\n\n\n\n<p>Teraz skr\u0119camy w prawo i traktem bartodziejskim docieramy do samych Bartodziej\u00f3w. Na skraju wsi zaczyna si\u0119 asfalt, kt\u00f3ry wygodnie zawiedzie nas do skrzy\u017cowania na \u015brodku wioski. Skrzy\u017cowanie to jest bardzo ciekawe, gdy\u017c spotyka tu si\u0119 a\u017c siedem dr\u00f3g. Wszystkie schodz\u0105 si\u0119 obok pi\u0119knej kapliczki. My skr\u0119camy w drug\u0105 drog\u0119 w prawo. Ona poprowadzi nas do puszczy. Kiedy wjedziemy w las, po prawej stronie warto obejrze\u0107 urocz\u0105, malutk\u0105 kapliczk\u0119 zawieszon\u0105 na okaza\u0142ej so\u015bnie. Jedziemy prosto i z naszej szerokiej, le\u015bnej drogi skr\u0119camy w prawo w pierwsz\u0105 drog\u0119. Jedziemy teraz do Rezerwatu Wielgolas. Jest to niemal siedmiohektarowy fragment uroczyska Wielgolas. Zachowa\u0142y si\u0119 tu ponad 120-letnie sosny. Robi\u0105 one du\u017ce wra\u017cenie. Tak zapewne wygl\u0105da\u0142y s\u0142ynne w XV i XVI wieku polskie sosny masztowe \u2013 wysokie i idealnie proste. Kiedy dojedziemy do tablicy informuj\u0105cej o rezerwacie, skr\u0119camy w lewo i wzd\u0142u\u017c granicy rezerwatu jedziemy le\u015bnym duktem. Nasza trasa wiedzie do skrzy\u017cowania z szersz\u0105 i cz\u0119\u015bciej u\u017cywan\u0105 drog\u0105. Skr\u0119camy w prawo i wkr\u00f3tce wyje\u017cd\u017camy z lasu. Jeste\u015bmy w\u015br\u00f3d p\u00f3l Topolnicy. Nasza, teraz polna, droga doprowadza do nieco szerszej, \u0142\u0105cz\u0105cej Topolnic\u0119 z Wielgolasem. Skr\u0119camy w prawo i jedziemy do widocznego w oddali wiatraka. Ostatnie kilkadziesi\u0105t metr\u00f3w przejedziemy asfaltem, tylko po to, by po obejrzeniu wiatraka \u2013 drewnianego zabytku dawnej, wiejskiej architektury, wr\u00f3ci\u0107. W miejscu, gdzie asfalt skr\u0119ca w lewo, my, zn\u00f3w wybieraj\u0105c mniej ucz\u0119szczan\u0105 drog\u0119, skr\u0119camy w prawo. Jedziemy teraz poln\u0105 drog\u0105, a\u017c do widocznej w oddali wioski Pniewo, nad kt\u00f3r\u0105 g\u00f3ruj\u0105 wie\u017ce ko\u015bcio\u0142a. Ten w\u0142a\u015bnie ko\u015bci\u00f3\u0142 jest celem naszej wycieczki. Jest to murowany ko\u015bci\u00f3\u0142 z pocz\u0105tku XX wieku p.w. \u015bw. Jana Chrzciciela ze zdobieniami, wykorzystuj\u0105cymi ludowe motywy kurpiowskie. Obowi\u0105zkowym elementem zwiedzania Pniewa jest te\u017c wizyta w Ku\u017ani Kurpiowskiej.<\/p>\n\n\n\n<figure class=\"wp-block-image size-large\"><img loading=\"lazy\" decoding=\"async\" width=\"1024\" height=\"629\" src=\"https:\/\/poplawy.sh.org.pl\/wp-content\/uploads\/2022\/09\/kuznia_kurpiowska-1024x629.jpg\" alt=\"\" class=\"wp-image-705\" srcset=\"https:\/\/poplawy.sh.org.pl\/wp-content\/uploads\/2022\/09\/kuznia_kurpiowska-1024x629.jpg 1024w, https:\/\/poplawy.sh.org.pl\/wp-content\/uploads\/2022\/09\/kuznia_kurpiowska-300x184.jpg 300w, https:\/\/poplawy.sh.org.pl\/wp-content\/uploads\/2022\/09\/kuznia_kurpiowska-768x472.jpg 768w, https:\/\/poplawy.sh.org.pl\/wp-content\/uploads\/2022\/09\/kuznia_kurpiowska-1536x944.jpg 1536w, https:\/\/poplawy.sh.org.pl\/wp-content\/uploads\/2022\/09\/kuznia_kurpiowska-488x300.jpg 488w, https:\/\/poplawy.sh.org.pl\/wp-content\/uploads\/2022\/09\/kuznia_kurpiowska.jpg 2000w\" sizes=\"auto, (max-width: 1024px) 100vw, 1024px\" \/><\/figure>\n\n\n\n<p>Kiedy ju\u017c obejrzymy wystr\u00f3j dawnej chaty kurpiowskiej, wracamy przez wie\u015b obok ko\u015bcio\u0142a i jedziemy dalej, a\u017c do nast\u0119pnej miejscowo\u015bci Lutobrok.&nbsp; Po drodze przeje\u017cd\u017camy przez mikroskopijn\u0105 dolink\u0119 rzeczki Prut. Od naszej asfaltowej drogi odbija tu \u017cwirowa droga w prawo (obok kapliczki). Przed nami ponad dwukilometrowy odcinek \u017cwirowej drogi przez Lutobrok-Folwark i przysi\u00f3\u0142ek Werne. Zaraz za ostatnimi, drewnianymi, opuszczonymi zagrodami, dojedziemy do asfaltu. Zaczyna si\u0119 gmina Obryte i miejscowo\u015b\u0107 P\u0142usy. Jedziemy a\u017c do Sadykierza, gdzie nasza asfaltowa droga dobiegnie do innej, prostopad\u0142ej. Skr\u0119camy w prawo. Kilkadziesi\u0105t metr\u00f3w od skrzy\u017cowania stoi ko\u015bci\u00f3\u0142ek w Sadykierzu. Warto go obejrze\u0107, bo cho\u0107 zaledwie kilkuletni (poprzedni, pochodz\u0105cy z pocz\u0105tk\u00f3w XIX wieku, sp\u0142on\u0105\u0142 w 2003 roku) jest doskona\u0142ym przyk\u0142adem pi\u0119knej kurpiowskiej architektury ludowej.<\/p>\n\n\n\n<p>Spod ko\u015bcio\u0142a wracamy drog\u0105, kt\u00f3r\u0105 przyjechali\u015bmy, i mijaj\u0105c skrzy\u017cowanie jedziemy do pobliskiego lasu. Zaraz za nim zaczyna si\u0119 Obryte. Jeszcze kilometr przez Obryte-Koloni\u0119 i doje\u017cd\u017camy do szosy Pu\u0142tusk \u2013 Wyszk\u00f3w. Skr\u0119camy w lewo i przeje\u017cd\u017camy przez ca\u0142e Obryte. Warto si\u0119 jednak zatrzyma\u0107, by obejrze\u0107 ko\u015bci\u00f3\u0142 i jedne z ostatnich ju\u017c drewnianych cha\u0142up z dekoracjami charakterystycznymi dla Kurpi\u00f3w Bia\u0142ych.<\/p>\n\n\n\n<p>Dalsza trasa to niemal dziesi\u0119ciokilometrowy powr\u00f3t szos\u0105 przez Psary do Pu\u0142tuska.<\/p>\n","protected":false},"excerpt":{"rendered":"<p>Pu\u0142tusk \u2013 Rezerwat Pop\u0142awy \u2013 Bartodzieje \u2013 Rezerwat Wielgolas \u2013 Pniewo \u2013 Lutobrok \u2013 P\u0142usy \u2013 Sadykierz \u2013 Obryte \u2013 Psary \u2013 Pu\u0142tusk D\u0142ugo\u015b\u0107 \u2013 37 km Podobnie jak Wielki Kurpiowski i ten szlak pozwala pozna\u0107 ostanie zachowane obiekty kurpiowskiej zabudowy, a tak\u017ce charakterystyczne dla regionu krajobrazy Warto zobaczy\u0107: Jedne &hellip;<\/p>\n","protected":false},"author":3,"featured_media":0,"parent":0,"menu_order":0,"comment_status":"closed","ping_status":"closed","template":"","meta":{"footnotes":""},"class_list":["post-703","page","type-page","status-publish","hentry"],"_links":{"self":[{"href":"https:\/\/poplawy.sh.org.pl\/index.php\/wp-json\/wp\/v2\/pages\/703","targetHints":{"allow":["GET"]}}],"collection":[{"href":"https:\/\/poplawy.sh.org.pl\/index.php\/wp-json\/wp\/v2\/pages"}],"about":[{"href":"https:\/\/poplawy.sh.org.pl\/index.php\/wp-json\/wp\/v2\/types\/page"}],"author":[{"embeddable":true,"href":"https:\/\/poplawy.sh.org.pl\/index.php\/wp-json\/wp\/v2\/users\/3"}],"replies":[{"embeddable":true,"href":"https:\/\/poplawy.sh.org.pl\/index.php\/wp-json\/wp\/v2\/comments?post=703"}],"version-history":[{"count":1,"href":"https:\/\/poplawy.sh.org.pl\/index.php\/wp-json\/wp\/v2\/pages\/703\/revisions"}],"predecessor-version":[{"id":707,"href":"https:\/\/poplawy.sh.org.pl\/index.php\/wp-json\/wp\/v2\/pages\/703\/revisions\/707"}],"wp:attachment":[{"href":"https:\/\/poplawy.sh.org.pl\/index.php\/wp-json\/wp\/v2\/media?parent=703"}],"curies":[{"name":"wp","href":"https:\/\/api.w.org\/{rel}","templated":true}]}}