{"id":724,"date":"2022-09-09T08:29:44","date_gmt":"2022-09-09T06:29:44","guid":{"rendered":"https:\/\/poplawy.sh.org.pl\/?page_id=724"},"modified":"2022-09-09T08:29:45","modified_gmt":"2022-09-09T06:29:45","slug":"szlak-puszczanski","status":"publish","type":"page","link":"https:\/\/poplawy.sh.org.pl\/index.php\/szlak-puszczanski\/","title":{"rendered":"Szlak Puszcza\u0144ski"},"content":{"rendered":"\n<figure class=\"wp-block-image size-large\"><img loading=\"lazy\" decoding=\"async\" width=\"1024\" height=\"481\" src=\"https:\/\/poplawy.sh.org.pl\/wp-content\/uploads\/2022\/09\/szlak_puszczanski_IMG_20190915_153152-1024x481.jpg\" alt=\"\" class=\"wp-image-725\" srcset=\"https:\/\/poplawy.sh.org.pl\/wp-content\/uploads\/2022\/09\/szlak_puszczanski_IMG_20190915_153152-1024x481.jpg 1024w, https:\/\/poplawy.sh.org.pl\/wp-content\/uploads\/2022\/09\/szlak_puszczanski_IMG_20190915_153152-300x141.jpg 300w, https:\/\/poplawy.sh.org.pl\/wp-content\/uploads\/2022\/09\/szlak_puszczanski_IMG_20190915_153152-768x361.jpg 768w, https:\/\/poplawy.sh.org.pl\/wp-content\/uploads\/2022\/09\/szlak_puszczanski_IMG_20190915_153152-1536x721.jpg 1536w, https:\/\/poplawy.sh.org.pl\/wp-content\/uploads\/2022\/09\/szlak_puszczanski_IMG_20190915_153152-2048x962.jpg 2048w, https:\/\/poplawy.sh.org.pl\/wp-content\/uploads\/2022\/09\/szlak_puszczanski_IMG_20190915_153152-639x300.jpg 639w\" sizes=\"auto, (max-width: 1024px) 100vw, 1024px\" \/><\/figure>\n\n\n\n<p>Pu\u0142tusk \u2013 Pop\u0142awy \u2013 Grab\u00f3wiec \u2013 Stara Wie\u015b \u2013 O\u015brodek Wypoczynkowy \u2013 Pu\u0142tusk<\/p>\n\n\n\n<p><strong>D\u0142ugo\u015b\u0107 \u2013 13,5 km<\/strong><\/p>\n\n\n\n<p>Pi\u0119kny szlak prowadz\u0105cy pocz\u0105tkowo przez urokliwe lasy z bogatym runem \u2013 fragmenty dawnej Puszczy Bia\u0142ej, potem przez lasy i \u0142\u0105ki nadnarwia\u0144skie z zachowanym naturalnym charakterem narwia\u0144skich starorzeczy i zagubionymi w\u015br\u00f3d \u0142\u0105k i p\u00f3l oczkami wodnymi.<\/p>\n\n\n\n<p><strong>Warto zobaczy\u0107:<\/strong><\/p>\n\n\n\n<p><em>Najdalej na zach\u00f3d wysuni\u0119t\u0105 cz\u0119\u015b\u0107 Puszczy Bia\u0142ej ze starym, si\u0119gaj\u0105cym ponad setki lat, drzewostanem sosnowym, \u201enepomuka\u201d \u2013 czyli figur\u0119 \u015bw. Jana Nepomucena w kapliczce w Grab\u00f3wcu, narwia\u0144skie starorzecza.<\/em><\/p>\n\n\n\n<p><strong>Trasa:<\/strong><\/p>\n\n\n\n<p>Ruszamy z pu\u0142tuskiego Rynku przez k\u0142adk\u0119 dla pieszych i ulic\u0105 Gajkowicza docieramy do dzielnicy Pop\u0142awy. Ju\u017c kilkaset metr\u00f3w od startu mamy okazj\u0119 podziwia\u0107 pi\u0119kne widoki z k\u0142adki dla pieszych. Bardzo malowniczo prezentuje si\u0119 zw\u0142aszcza Dom Polonii.<\/p>\n\n\n\n<p>Do Pop\u0142aw docieramy asfaltowym spacerniakiem i po przejechaniu przez szos\u0119, prowadz\u0105c\u0105 do Obrytego, jedziemy dalej prosto ulic\u0105 Bartodziejsk\u0105. Na skraju lasu (2. kilometr trasy) skr\u0119camy w prawo, w \u017cwirow\u0105 ulic\u0119 Graniczn\u0105. Tu\u017c obok nas znajduje si\u0119 szpital w budowie. Jedziemy do pobliskiego osiedla \u201eWyszkowska\u201d, przed samym osiedlem skr\u0119camy w lewo, na \u0142\u0105ki. Po kilkuset metrach kolejny skr\u0119t, tym razem w prawo. Teraz kierujemy si\u0119 do asfaltowej drogi. Warto na tym odcinku jecha\u0107 powoli i uwa\u017cnie obserwowa\u0107 \u0142\u0105ki. S\u0105 one bowiem, zw\u0142aszcza wiosn\u0105 i latem, miejscem \u017cerowania \u017curawi. Ten pi\u0119kny ptak w godzinach porannych i wieczornych przylatuje tutaj ze swoich l\u0119gowisk po\u0142o\u017conych w bagiennych fragmentach puszczy.<\/p>\n\n\n\n<p>Gdy dotrzemy do asfaltowej drogi Pu\u0142tusk \u2013 Wyszk\u00f3w, przeje\u017cd\u017camy przez ni\u0105 i asfaltow\u0105 drog\u0105, maj\u0105c po lewej stronie las, jedziemy do wioski Grab\u00f3wiec. Gdy dotrzemy do drogi Pu\u0142tusk \u2013 Zatory nie skr\u0119cajmy od razu w prawo. Warto na chwil\u0119 zatrzyma\u0107 si\u0119 i obejrze\u0107 kapliczk\u0119 \u015bw. Jana Nepomucena, stoj\u0105c\u0105 na skraju drogi i p\u00f3l. Artyzm ludowej sztuki i urok tego miejsca warte s\u0105, by na chwil\u0119 zej\u015b\u0107 z siode\u0142ka.<\/p>\n\n\n\n<p>Dalej jedziemy asfaltow\u0105 drog\u0105 kilkadziesi\u0105t metr\u00f3w w kierunku Pu\u0142tuska i tu\u017c za remiz\u0105 stra\u017cack\u0105 skr\u0119camy w lewo.<\/p>\n\n\n\n<p>Asfaltow\u0105 drog\u0105, odnowion\u0105 po cz\u0119\u015bci z funduszy Unii Europejskiej, jedziemy przez przysi\u00f3\u0142ek Stara Wie\u015b a\u017c do widocznego w oddali lasu. Przed lasem skr\u0119camy w prawo i obok gaj\u00f3wki wje\u017cd\u017camy do puszczy. Teraz przed nami le\u015bny odcinek trasy. W jego po\u0142owie, jakie\u015b czterysta metr\u00f3w od gaj\u00f3wki, po prawej stronie, zobaczymy sporej wielko\u015bci mrowisko. Gdy dotrzemy do prostopad\u0142ego wobec naszej trasy duktu, skr\u0119camy w lewo. Po kilkudziesi\u0119ciu metrach, po prawej stronie, mijamy pola i jedziemy dalej. Teraz jeszcze jeden odcinek lasu i zbli\u017camy si\u0119 do wiaty przystankowej po\u0142o\u017conej w s\u0105siedztwie o\u015brodka wczasowego.<\/p>\n\n\n\n<p>W tym miejscu warto si\u0119 zatrzyma\u0107. Kilkana\u015bcie metr\u00f3w od wiaty, za wa\u0142em, jest rzeka. Narew jest tu bardzo szeroka i malownicza. W nadbrze\u017cnych szuwarach mamy szans\u0119 zobaczy\u0107 \u0142ab\u0119dzie, dzikie kaczki czy poluj\u0105ce na ryby czaple. Spacer koron\u0105 wa\u0142u, czy te\u017c brzegiem rzeki, mo\u017ce wi\u0119c by\u0107 pe\u0142en wra\u017ce\u0144. Wiosn\u0105 i p\u00f3\u017anym latem mo\u017cemy obserwowa\u0107 tak\u017ce kormorany. Ca\u0142e klucze tych ptak\u00f3w przylatuj\u0105 z oddalonych o kilka kilometr\u00f3w w d\u00f3\u0142 rzeki staw\u00f3w w rezerwacie ornitologicznym \u201eStawinoga\u201d.<\/p>\n\n\n\n<p>Dalsza trasa to powr\u00f3t do Pu\u0142tuska. B\u0119dziemy teraz jechali wzd\u0142u\u017c wa\u0142u. Warto w kilku miejscach zatrzyma\u0107 si\u0119, by podziwia\u0107 narwia\u0144skie widoki. Rzeka jest szeroka, by\u0107 mo\u017ce uda nam si\u0119 zobaczy\u0107 dzikie ptaki, a tak\u017ce bobry.<\/p>\n\n\n\n<p>Docieramy ju\u017c w pobli\u017ce Pu\u0142tuska. Przed oczyszczalni\u0105 \u015bciek\u00f3w skr\u0119camy w prawo, a po stu kilkudziesi\u0119ciu metrach w lewo. W tych okolicach stosunkowo \u0142atwo spotka\u0107 ba\u017canty. Szczeg\u00f3lnie ciekawie wygl\u0105daj\u0105 samce w maju, gdy napuszaj\u0105 swoje b\u0142yszcz\u0105ce pi\u00f3ra, wabi\u0105c samiczki. Wa\u0142 otaczaj\u0105cy oczyszczalni\u0119 doprowadzi nas do drogi Pu\u0142tusk \u2013 Wyszk\u00f3w. Skr\u0119camy w lewo i po kilkunastu metrach w prawo do znanej k\u0142adki dla pieszych na Narwi.<\/p>\n","protected":false},"excerpt":{"rendered":"<p>Pu\u0142tusk \u2013 Pop\u0142awy \u2013 Grab\u00f3wiec \u2013 Stara Wie\u015b \u2013 O\u015brodek Wypoczynkowy \u2013 Pu\u0142tusk D\u0142ugo\u015b\u0107 \u2013 13,5 km Pi\u0119kny szlak prowadz\u0105cy pocz\u0105tkowo przez urokliwe lasy z bogatym runem \u2013 fragmenty dawnej Puszczy Bia\u0142ej, potem przez lasy i \u0142\u0105ki nadnarwia\u0144skie z zachowanym naturalnym charakterem narwia\u0144skich starorzeczy i zagubionymi w\u015br\u00f3d \u0142\u0105k i p\u00f3l &hellip;<\/p>\n","protected":false},"author":3,"featured_media":0,"parent":0,"menu_order":0,"comment_status":"closed","ping_status":"closed","template":"","meta":{"footnotes":""},"class_list":["post-724","page","type-page","status-publish","hentry"],"_links":{"self":[{"href":"https:\/\/poplawy.sh.org.pl\/index.php\/wp-json\/wp\/v2\/pages\/724","targetHints":{"allow":["GET"]}}],"collection":[{"href":"https:\/\/poplawy.sh.org.pl\/index.php\/wp-json\/wp\/v2\/pages"}],"about":[{"href":"https:\/\/poplawy.sh.org.pl\/index.php\/wp-json\/wp\/v2\/types\/page"}],"author":[{"embeddable":true,"href":"https:\/\/poplawy.sh.org.pl\/index.php\/wp-json\/wp\/v2\/users\/3"}],"replies":[{"embeddable":true,"href":"https:\/\/poplawy.sh.org.pl\/index.php\/wp-json\/wp\/v2\/comments?post=724"}],"version-history":[{"count":1,"href":"https:\/\/poplawy.sh.org.pl\/index.php\/wp-json\/wp\/v2\/pages\/724\/revisions"}],"predecessor-version":[{"id":726,"href":"https:\/\/poplawy.sh.org.pl\/index.php\/wp-json\/wp\/v2\/pages\/724\/revisions\/726"}],"wp:attachment":[{"href":"https:\/\/poplawy.sh.org.pl\/index.php\/wp-json\/wp\/v2\/media?parent=724"}],"curies":[{"name":"wp","href":"https:\/\/api.w.org\/{rel}","templated":true}]}}