{"id":728,"date":"2022-09-09T08:36:28","date_gmt":"2022-09-09T06:36:28","guid":{"rendered":"https:\/\/poplawy.sh.org.pl\/?page_id=728"},"modified":"2022-09-09T08:36:28","modified_gmt":"2022-09-09T06:36:28","slug":"szlak-zielony","status":"publish","type":"page","link":"https:\/\/poplawy.sh.org.pl\/index.php\/szlak-zielony\/","title":{"rendered":"Szlak Zielony"},"content":{"rendered":"\n<figure class=\"wp-block-image size-large\"><img loading=\"lazy\" decoding=\"async\" width=\"1024\" height=\"686\" src=\"https:\/\/poplawy.sh.org.pl\/wp-content\/uploads\/2022\/09\/IMG_20220503_093523_DSC_1496-1024x686.jpg\" alt=\"\" class=\"wp-image-729\" srcset=\"https:\/\/poplawy.sh.org.pl\/wp-content\/uploads\/2022\/09\/IMG_20220503_093523_DSC_1496-1024x686.jpg 1024w, https:\/\/poplawy.sh.org.pl\/wp-content\/uploads\/2022\/09\/IMG_20220503_093523_DSC_1496-300x201.jpg 300w, https:\/\/poplawy.sh.org.pl\/wp-content\/uploads\/2022\/09\/IMG_20220503_093523_DSC_1496-768x514.jpg 768w, https:\/\/poplawy.sh.org.pl\/wp-content\/uploads\/2022\/09\/IMG_20220503_093523_DSC_1496-1536x1028.jpg 1536w, https:\/\/poplawy.sh.org.pl\/wp-content\/uploads\/2022\/09\/IMG_20220503_093523_DSC_1496-448x300.jpg 448w, https:\/\/poplawy.sh.org.pl\/wp-content\/uploads\/2022\/09\/IMG_20220503_093523_DSC_1496.jpg 2000w\" sizes=\"auto, (max-width: 1024px) 100vw, 1024px\" \/><\/figure>\n\n\n\n<p>Pu\u0142tusk \u2013 P\u0142ocochowo \u2013 Lipniki \u2013 Gromin \u2013 Moszyn \u2013 Pu\u0142tusk<\/p>\n\n\n\n<p><strong>D\u0142ugo\u015b\u0107 \u2013 22 km<\/strong><\/p>\n\n\n\n<p>D\u0142ugi szlak po ciekawych terenach rolniczych w okolicach Pu\u0142tuska. Wiedzie tak\u017ce przez fragmenty lasu. Przy trasie zobaczy\u0107 mo\u017cna kilka ciekawych figurek i krzy\u017cy.<\/p>\n\n\n\n<p><strong>Warto zobaczy\u0107:<\/strong><\/p>\n\n\n\n<p><em>Drzewostany starych las\u00f3w li\u015bciastych, my\u015bliwsk\u0105 ambon\u0119, zabytkow\u0105 kapliczk\u0119 we wsi Gromin, przydro\u017cne krzy\u017ce.<\/em><\/p>\n\n\n\n<p><strong>Trasa:<\/strong><\/p>\n\n\n\n<p>Ruszamy z pu\u0142tuskiego rynku i kierujemy si\u0119 w stron\u0119 k\u0142adki dla pieszych. Przez k\u0142adk\u0119 rower musimy przeprowadzi\u0107, bowiem obowi\u0105zuje tu zakaz jazdy. Warto jednak zsi\u0105\u015b\u0107 z siode\u0142ka, podziwia\u0107 ciekawy widok na Narew i Dom Polonii. Za k\u0142adk\u0105 doje\u017cd\u017camy do wa\u0142u i skr\u0119camy w prawo. Jedziemy wzd\u0142u\u017c wa\u0142u do pobliskiego mostu drogowego, kt\u00f3ry nosi imi\u0119 Obro\u0144c\u00f3w Pu\u0142tuska. Wje\u017cd\u017camy na most i po chwili jeste\u015bmy po drugiej stronie. Doje\u017cd\u017camy do poprzecznej, ruchliwej ulicy Daszy\u0144skiego. Skr\u0119camy w lewo, a po kilkudziesi\u0119ciu metrach w prawo w ulic\u0119 Jana Paw\u0142a II. Jedziemy ni\u0105 a\u017c do ko\u0144ca, a na rondzie skr\u0119camy w lewo. Teraz jeste\u015bmy na ulicy Mickiewicza. Ju\u017c prawie na ko\u0144cu miasta skr\u0119camy jeszcze raz w lewo w ulic\u0119 S\u0142oneczn\u0105. Gdy sko\u0144czy si\u0119 ulica, wje\u017cd\u017camy w pola. W\u015br\u00f3d p\u00f3l jedziemy piaszczyst\u0105 drog\u0105 ponad kilometr, a\u017c do wsi P\u0142ocochowo. Teraz trasa wiedzie przez t\u0119 wie\u015b do lasu, przy kt\u00f3rym jest zlokalizowana wiata przystankowa. W oddali wida\u0107 my\u015bliwsk\u0105 ambon\u0119.<\/p>\n\n\n\n<p>Jedziemy dalej le\u015bn\u0105 drog\u0105, a\u017c do skraju p\u00f3l. Gdy sko\u0144czy si\u0119 las, skr\u0119camy w prawo i jedziemy jego skrajem. Po kilkunastu metrach nasza droga skr\u0119ca w las. Teraz b\u0119dzie najtrudniejszy odcinek naszej wycieczki. Droga wiedzie w\u0105sk\u0105 le\u015bn\u0105 dr\u00f3\u017ck\u0105. Po kilkuset metrach wyje\u017cd\u017camy na pola i jedziemy prosto, a\u017c do wioski Lipniki.<\/p>\n\n\n\n<p>Jedziemy przez wie\u015b. Gdy dotrzemy do skrzy\u017cowania z drog\u0105 do Pu\u0142tuska, skr\u0119camy w lewo i za chwil\u0119 w prawo. Przy tym skr\u0119cie stoi ciekawa figurka. Jad\u0105c dalej, po lewej stronie mijamy zak\u0142ad produkuj\u0105cy karnisze i docieramy do lasu. Przeje\u017cd\u017camy kilkaset metr\u00f3w i zn\u00f3w wyje\u017cd\u017camy na otwarty teren. Teraz musimy przejecha\u0107 przez szos\u0119 Pu\u0142tusk \u2013 Ciechan\u00f3w. Nasza dalsza trasa wiedzie do doliny rzeczki.<\/p>\n\n\n\n<p>Za mostkiem skr\u0119camy w prawo i wzd\u0142u\u017c doliny jedziemy do wiaty przystankowej. Zlokalizowana ona jest tu\u017c za kolejnym na naszej trasie mostkiem. Kilkaset metr\u00f3w od wiaty znajduj\u0105 si\u0119 bobrze \u017ceremia. Warto w tym miejscu si\u0119 zatrzyma\u0107, cho\u0107by po to, aby spr\u00f3bowa\u0107 wypatrzy\u0107 bobra. Nie jest to \u0142atwe, bowiem b\u00f3br nale\u017cy do zwierz\u0105t p\u0142ochliwych.<\/p>\n\n\n\n<p>Dalej jedziemy drog\u0105 do szosy Pu\u0142tusk \u2013 Ciechan\u00f3w. W odleg\u0142o\u015bci ok. 200 metr\u00f3w od wiaty, po prawej stronie drogi, stoi \u0142adna kapliczka.<\/p>\n\n\n\n<p>Jad\u0105c dalej, wje\u017cd\u017camy w lewo na drog\u0119 Pu\u0142tusk \u2013 Ciechan\u00f3w i po kilkudziesi\u0119ciu metrach skr\u0119camy w prawo. Teraz nasz trasa wiedzie do Lipnik Nowych. Przed samymi Lipnikami zatrzymajmy si\u0119 na chwil\u0119 i sp\u00f3jrzmy w prawo. W odleg\u0142o\u015bci kilkuset metr\u00f3w od nas, na skraju lasu, przez kt\u00f3ry wcze\u015bniej przeje\u017cd\u017cali\u015bmy, usytuowany jest radar, kt\u00f3ry kontroluje przestrze\u0144 powietrzn\u0105 nad p\u00f3\u0142nocno-wschodni\u0105 Polsk\u0105.<\/p>\n\n\n\n<p>Kiedy ju\u017c miniemy Lipniki Nowe, dojedziemy do drogi Pu\u0142tusk \u2013 Lipniki Stare. Skr\u0119camy w lewo i wracamy do miasta.<\/p>\n","protected":false},"excerpt":{"rendered":"<p>Pu\u0142tusk \u2013 P\u0142ocochowo \u2013 Lipniki \u2013 Gromin \u2013 Moszyn \u2013 Pu\u0142tusk D\u0142ugo\u015b\u0107 \u2013 22 km D\u0142ugi szlak po ciekawych terenach rolniczych w okolicach Pu\u0142tuska. Wiedzie tak\u017ce przez fragmenty lasu. Przy trasie zobaczy\u0107 mo\u017cna kilka ciekawych figurek i krzy\u017cy. Warto zobaczy\u0107: Drzewostany starych las\u00f3w li\u015bciastych, my\u015bliwsk\u0105 ambon\u0119, zabytkow\u0105 kapliczk\u0119 we wsi &hellip;<\/p>\n","protected":false},"author":3,"featured_media":0,"parent":0,"menu_order":0,"comment_status":"closed","ping_status":"closed","template":"","meta":{"footnotes":""},"class_list":["post-728","page","type-page","status-publish","hentry"],"_links":{"self":[{"href":"https:\/\/poplawy.sh.org.pl\/index.php\/wp-json\/wp\/v2\/pages\/728","targetHints":{"allow":["GET"]}}],"collection":[{"href":"https:\/\/poplawy.sh.org.pl\/index.php\/wp-json\/wp\/v2\/pages"}],"about":[{"href":"https:\/\/poplawy.sh.org.pl\/index.php\/wp-json\/wp\/v2\/types\/page"}],"author":[{"embeddable":true,"href":"https:\/\/poplawy.sh.org.pl\/index.php\/wp-json\/wp\/v2\/users\/3"}],"replies":[{"embeddable":true,"href":"https:\/\/poplawy.sh.org.pl\/index.php\/wp-json\/wp\/v2\/comments?post=728"}],"version-history":[{"count":1,"href":"https:\/\/poplawy.sh.org.pl\/index.php\/wp-json\/wp\/v2\/pages\/728\/revisions"}],"predecessor-version":[{"id":730,"href":"https:\/\/poplawy.sh.org.pl\/index.php\/wp-json\/wp\/v2\/pages\/728\/revisions\/730"}],"wp:attachment":[{"href":"https:\/\/poplawy.sh.org.pl\/index.php\/wp-json\/wp\/v2\/media?parent=728"}],"curies":[{"name":"wp","href":"https:\/\/api.w.org\/{rel}","templated":true}]}}